{"id":4,"date":"2012-09-12T00:54:47","date_gmt":"2012-09-12T05:54:47","guid":{"rendered":"https:\/\/www.redowl.ca\/?page_id=4"},"modified":"2018-09-20T13:21:22","modified_gmt":"2018-09-20T18:21:22","slug":"bios","status":"publish","type":"page","link":"https:\/\/www.redowl.ca\/fr\/bios\/","title":{"rendered":"Bios"},"content":{"rendered":"<p><\/p>\n<h2>RedOwl<\/h2>\n<p>Partenaires dans la vie comme sur la sc\u00e8ne, le claveciniste Jonathan Addleman et la violoniste baroque Sari Tsuji forment le duo montr\u00e9alais RedOwl qui se consacre \u00e0 la mise en valeur de plusieurs \u0153uvres m\u00e9connues des XVII<sup>e<\/sup>\u00a0et XVIII<sup>e<\/sup>\u00a0si\u00e8cles.<\/p>\n<p>Tous deux musiciens actifs dans le milieu nord-am\u00e9ricain de la musique ancienne, Jonathan Addleman et Sari Tsuji ont amorc\u00e9 leur collaboration pendant leurs \u00e9tudes \u00e0 l\u2019Universit\u00e9 McGill. Depuis lors, ce duo remarquable a fait sa marque \u00e0 l&rsquo;occasion d&rsquo;une s\u00e9rie de concerts \u00e0 Fredericton, au Nouveau-Brunswick, et c&rsquo;est en 2012 qu&rsquo;il a commenc\u00e9 \u00e0 se produire sur les sc\u00e8nes montr\u00e9alaises.<\/p>\n<p>Les programmes propos\u00e9s par RedOwl sont vari\u00e9s et attrayants, depuis les <em>Chants d&rsquo;oiseaux<\/em> jusqu&rsquo;\u00e0 l\u2019int\u00e9grale des Sonates pour violon et clavecin de Bach. Les membres du groupe souhaitent replacer la musique baroque dans un contexte historique et mettre en valeur autant les chefs-d\u2019\u0153uvres de compositeurs c\u00e9l\u00e8bres que les \u0153uvres m\u00e9connues de  certains de leurs coll\u00e8gues compositeurs.<\/p>\n<h2>Jonathan Addleman<\/h2>\n<p><a href=\"https:\/\/www.redowl.ca\/wp-content\/uploads\/2012\/09\/mugshot-portrait.jpg\"><img loading=\"lazy\" decoding=\"async\" class=\"alignleft size-thumbnail wp-image-20\" title=\"mugshot-portrait\" src=\"https:\/\/www.redowl.ca\/wp-content\/uploads\/2012\/09\/mugshot-portrait-150x150.jpg\" alt=\"\" width=\"150\" height=\"150\" \/><\/a> \tClaveciniste Jonathan Addleman a \u00e9t\u00e9 salu\u00e9 pour sa musicalit\u00e9 sensible, sa cr\u00e9ativit\u00e9 avec le continuo, et pour la richesse de son qu&rsquo;il r\u00e9alise sur l&rsquo;instrument. Il a jou\u00e9 r\u00e9cemment avec l&rsquo;Ensemble Caprice, le Theatre of Early Music, i Furiosi, Aradia, l\u2019Orchestre Symphonique de Laval, et l\u2019Orchestre Symphonique de Trois-Rivi\u00e8res, et s&rsquo;est pr\u00e9sent\u00e9 en tant que soliste et musicien de chambre dans les festivals de musique ancienne \u00e0 Montr\u00e9al, St-Adolphe d&rsquo;Howard, Saint John, et Sackville, Nouveau-Brunswick. Avec le violoniste Sari Tsuji, Jonathan a jou\u00e9 l&rsquo;int\u00e9grale des sonates pour clavecin et violon de Bach, et tous les Mystery Sonatas de Biber en collaboration Nadia Francavilla au violon. Il a eu l&rsquo;honneur de jouer au concert inaugurale d&rsquo;un clavecin vertical nouvellement construit \u00e0 Saint John.<\/p>\n<p>\tEn plus de ses activit\u00e9s d&rsquo;interpr\u00e8te, Jonathan est enseignant et accompagnateur \u00e0 l&rsquo;Universit\u00e9 McGill. Il accorde et entretient les clavecins et fortepianos des universit\u00e9s McGill et Concordia, et accorde aussi pour des organisations telles que Arion Orchestre Baroque, CAMMAC, le Festival International de Musique Baroque de Lam\u00e8que et de la Fondation Arte Musica.<\/p>\n<h2 style=\"clear: both;\">Sari Tsuji<\/h2>\n<p> <a href=\"https:\/\/www.redowl.ca\/wp-content\/uploads\/2012\/09\/IMGP1028-Developed-in-UFRaw.jpg\"><img loading=\"lazy\" decoding=\"async\" class=\"alignleft size-thumbnail wp-image-21\" title=\"IMGP1028-Developed-in-UFRaw\" src=\"https:\/\/www.redowl.ca\/wp-content\/uploads\/2012\/09\/IMGP1028-Developed-in-UFRaw-150x150.jpg\" alt=\"\" width=\"150\" height=\"150\" \/><\/a><\/p>\n<p>Sari Tsuji se produit au sein des plus prestigieux ensembles canadiens consacr\u00e9s \u00e0 l&rsquo;interpr\u00e9tation sur instruments d\u2019\u00e9poque, notamment <a href=\"http:\/\/www.arionbaroque.com\/\">Arion Orchestre Baroque<\/a>, l&rsquo;<a href=\"http:\/\/www.ensemblecaprice.com\/\">Ensemble Caprice<\/a>, l&rsquo;<a href=\"http:\/\/www.aradia.ca\/\">Aradia Ensemble<\/a>, et les Id\u00e9es heureuses. Elle a \u00e9galement enregistr\u00e9 sur les \u00e9tiquettes early-music.com, ATMA, Analekta, et NAXOS ainsi que pour la Soci\u00e9t\u00e9 Radio-Canada \u00e0 l&rsquo;\u00e9chelle nationale.<\/p>\n<p>C&rsquo;est dans sa ville natale de Winnipeg, au Manitoba, que Sari a fait ses premi\u00e8res armes au violon \u00e0 l\u2019\u00e2ge de quatre ans avec Elizabeth Lupton. Elle a ensuite entrepris un baccalaur\u00e9at en interpr\u00e9tation et une ma\u00eetrise en musique ancienne \u00e0 <a href=\"http:\/\/www.mcgill.ca\">l\u2019Universit\u00e9 McGill<\/a> o\u00f9 elle \u00e9tudie aupr\u00e8s de Thomas Williams, Emlyn Ngai, H\u00e9l\u00e8ne Plouffe, Hank Knox et Betsy MacMillan.<br \/>\n<\/p>","protected":false},"excerpt":{"rendered":"<p>RedOwl Partenaires dans la vie comme sur la sc\u00e8ne, le claveciniste Jonathan Addleman et la violoniste baroque Sari Tsuji forment le duo montr\u00e9alais RedOwl qui se consacre \u00e0 la mise en valeur de plusieurs \u0153uvres m\u00e9connues des XVIIe\u00a0et XVIIIe\u00a0si\u00e8cles. Tous deux musiciens actifs dans le milieu nord-am\u00e9ricain de la musique ancienne, Jonathan Addleman et Sari [&hellip;]<\/p>\n","protected":false},"author":1,"featured_media":0,"parent":0,"menu_order":2,"comment_status":"closed","ping_status":"closed","template":"","meta":{"footnotes":""},"_links":{"self":[{"href":"https:\/\/www.redowl.ca\/fr\/wp-json\/wp\/v2\/pages\/4"}],"collection":[{"href":"https:\/\/www.redowl.ca\/fr\/wp-json\/wp\/v2\/pages"}],"about":[{"href":"https:\/\/www.redowl.ca\/fr\/wp-json\/wp\/v2\/types\/page"}],"author":[{"embeddable":true,"href":"https:\/\/www.redowl.ca\/fr\/wp-json\/wp\/v2\/users\/1"}],"replies":[{"embeddable":true,"href":"https:\/\/www.redowl.ca\/fr\/wp-json\/wp\/v2\/comments?post=4"}],"version-history":[{"count":470,"href":"https:\/\/www.redowl.ca\/fr\/wp-json\/wp\/v2\/pages\/4\/revisions"}],"predecessor-version":[{"id":1329,"href":"https:\/\/www.redowl.ca\/fr\/wp-json\/wp\/v2\/pages\/4\/revisions\/1329"}],"wp:attachment":[{"href":"https:\/\/www.redowl.ca\/fr\/wp-json\/wp\/v2\/media?parent=4"}],"curies":[{"name":"wp","href":"https:\/\/api.w.org\/{rel}","templated":true}]}}